{"id":3625,"date":"2022-04-23T09:48:05","date_gmt":"2022-04-23T09:48:05","guid":{"rendered":"https:\/\/htmlgift.com\/medinik\/?page_id=3625"},"modified":"2023-01-30T10:17:22","modified_gmt":"2023-01-30T10:17:22","slug":"contact","status":"publish","type":"page","link":"https:\/\/drelaliziad.com\/en\/contact\/","title":{"rendered":"Contact form"},"content":{"rendered":"<div data-elementor-type=\"wp-page\" data-elementor-id=\"3625\" class=\"elementor elementor-3625\">\n\t\t\t\t\t\t\t\t\t<section class=\"elementor-section elementor-top-section elementor-element elementor-element-7c6fdea elementor-section-boxed elementor-section-height-default elementor-section-height-default\" data-id=\"7c6fdea\" data-element_type=\"section\">\n\t\t\t\t\t\t<div class=\"elementor-container elementor-column-gap-default\">\n\t\t\t\t\t<div class=\"elementor-column elementor-col-100 elementor-top-column elementor-element elementor-element-78cf9f7\" data-id=\"78cf9f7\" data-element_type=\"column\">\n\t\t\t<div class=\"elementor-widget-wrap elementor-element-populated\">\n\t\t\t\t\t\t\t\t<section class=\"elementor-section elementor-inner-section elementor-element elementor-element-1e5f91f elementor-section-boxed elementor-section-height-default elementor-section-height-default\" data-id=\"1e5f91f\" data-element_type=\"section\">\n\t\t\t\t\t\t<div class=\"elementor-container elementor-column-gap-default\">\n\t\t\t\t\t<div class=\"elementor-column elementor-col-50 elementor-inner-column elementor-element elementor-element-837f588\" data-id=\"837f588\" data-element_type=\"column\">\n\t\t\t<div class=\"elementor-widget-wrap elementor-element-populated\">\n\t\t\t\t\t\t\t\t<div class=\"elementor-element elementor-element-0fc58c9 elementor-view-stacked elementor-shape-circle elementor-widget elementor-widget-icon\" data-id=\"0fc58c9\" data-element_type=\"widget\" data-widget_type=\"icon.default\">\n\t\t\t\t<div class=\"elementor-widget-container\">\n\t\t\t\t\t<div class=\"elementor-icon-wrapper\">\n\t\t\t<div class=\"elementor-icon\">\n\t\t\t<svg xmlns=\"http:\/\/www.w3.org\/2000\/svg\" width=\"40\" height=\"40\" viewbox=\"0 0 40 40\" fill=\"none\"><circle cx=\"20\" cy=\"20\" r=\"20\" fill=\"#FF684C\"><\/circle><\/svg>\t\t\t<\/div>\n\t\t<\/div>\n\t\t\t\t<\/div>\n\t\t\t\t<\/div>\n\t\t\t\t<div class=\"elementor-element elementor-element-3d9c5d5 elementor-widget elementor-widget-heading\" data-id=\"3d9c5d5\" data-element_type=\"widget\" data-widget_type=\"heading.default\">\n\t\t\t\t<div class=\"elementor-widget-container\">\n\t\t\t<style>\/*! elementor - v3.10.1 - 17-01-2023 *\/\n.elementor-heading-title{padding:0;margin:0;line-height:1}.elementor-widget-heading .elementor-heading-title[class*=elementor-size-]>a{color:inherit;font-size:inherit;line-height:inherit}.elementor-widget-heading .elementor-heading-title.elementor-size-small{font-size:15px}.elementor-widget-heading .elementor-heading-title.elementor-size-medium{font-size:19px}.elementor-widget-heading .elementor-heading-title.elementor-size-large{font-size:29px}.elementor-widget-heading .elementor-heading-title.elementor-size-xl{font-size:39px}.elementor-widget-heading .elementor-heading-title.elementor-size-xxl{font-size:59px}<\/style><h2 class=\"elementor-heading-title elementor-size-default\">Phone number<\/h2>\t\t<\/div>\n\t\t\t\t<\/div>\n\t\t\t\t<div class=\"elementor-element elementor-element-d518b3c elementor-widget elementor-widget-heading\" data-id=\"d518b3c\" data-element_type=\"widget\" data-widget_type=\"heading.default\">\n\t\t\t\t<div class=\"elementor-widget-container\">\n\t\t\t<p class=\"elementor-heading-title elementor-size-default\"><a href=\"tel:+32%20489%2097%2005%2013\">+32 489 97 05 13<\/a><\/p>\t\t<\/div>\n\t\t\t\t<\/div>\n\t\t\t\t\t<\/div>\n\t\t<\/div>\n\t\t\t\t<div class=\"elementor-column elementor-col-50 elementor-inner-column elementor-element elementor-element-377a1da\" data-id=\"377a1da\" data-element_type=\"column\">\n\t\t\t<div class=\"elementor-widget-wrap elementor-element-populated\">\n\t\t\t\t\t\t\t\t<div class=\"elementor-element elementor-element-a658ed0 elementor-view-stacked elementor-shape-circle elementor-widget elementor-widget-icon\" data-id=\"a658ed0\" data-element_type=\"widget\" data-widget_type=\"icon.default\">\n\t\t\t\t<div class=\"elementor-widget-container\">\n\t\t\t\t\t<div class=\"elementor-icon-wrapper\">\n\t\t\t<div class=\"elementor-icon\">\n\t\t\t<svg xmlns=\"http:\/\/www.w3.org\/2000\/svg\" width=\"40\" height=\"40\" viewbox=\"0 0 40 40\" fill=\"none\"><circle cx=\"20\" cy=\"20\" r=\"20\" fill=\"#FF684C\"><\/circle><\/svg>\t\t\t<\/div>\n\t\t<\/div>\n\t\t\t\t<\/div>\n\t\t\t\t<\/div>\n\t\t\t\t<div class=\"elementor-element elementor-element-7de4bf4 elementor-widget elementor-widget-heading\" data-id=\"7de4bf4\" data-element_type=\"widget\" data-widget_type=\"heading.default\">\n\t\t\t\t<div class=\"elementor-widget-container\">\n\t\t\t<h2 class=\"elementor-heading-title elementor-size-default\">Mail address<\/h2>\t\t<\/div>\n\t\t\t\t<\/div>\n\t\t\t\t<div class=\"elementor-element elementor-element-2f1593e elementor-widget elementor-widget-heading\" data-id=\"2f1593e\" data-element_type=\"widget\" data-widget_type=\"heading.default\">\n\t\t\t\t<div class=\"elementor-widget-container\">\n\t\t\t<p class=\"elementor-heading-title elementor-size-default\">info@drelaliziad.com<\/p>\t\t<\/div>\n\t\t\t\t<\/div>\n\t\t\t\t\t<\/div>\n\t\t<\/div>\n\t\t\t\t\t\t\t<\/div>\n\t\t<\/section>\n\t\t\t\t\t<\/div>\n\t\t<\/div>\n\t\t\t\t\t\t\t<\/div>\n\t\t<\/section>\n\t\t\t\t<section class=\"elementor-section elementor-top-section elementor-element elementor-element-ed7fdaa elementor-section-boxed elementor-section-height-default elementor-section-height-default\" data-id=\"ed7fdaa\" data-element_type=\"section\">\n\t\t\t\t\t\t<div class=\"elementor-container elementor-column-gap-default\">\n\t\t\t\t\t<div class=\"elementor-column elementor-col-50 elementor-top-column elementor-element elementor-element-6cc289c\" data-id=\"6cc289c\" data-element_type=\"column\">\n\t\t\t<div class=\"elementor-widget-wrap elementor-element-populated\">\n\t\t\t\t\t\t\t\t<div class=\"elementor-element elementor-element-0906668 elementor-widget elementor-widget-spacer\" data-id=\"0906668\" data-element_type=\"widget\" data-widget_type=\"spacer.default\">\n\t\t\t\t<div class=\"elementor-widget-container\">\n\t\t\t<style>\/*! elementor - v3.10.1 - 17-01-2023 *\/\n.elementor-column .elementor-spacer-inner{height:var(--spacer-size)}.e-con{--container-widget-width:100%}.e-con-inner>.elementor-widget-spacer,.e-con>.elementor-widget-spacer{width:var(--container-widget-width,var(--spacer-size));--align-self:var(--container-widget-align-self,initial);--flex-shrink:0}.e-con-inner>.elementor-widget-spacer>.elementor-widget-container,.e-con-inner>.elementor-widget-spacer>.elementor-widget-container>.elementor-spacer,.e-con>.elementor-widget-spacer>.elementor-widget-container,.e-con>.elementor-widget-spacer>.elementor-widget-container>.elementor-spacer{height:100%}.e-con-inner>.elementor-widget-spacer>.elementor-widget-container>.elementor-spacer>.elementor-spacer-inner,.e-con>.elementor-widget-spacer>.elementor-widget-container>.elementor-spacer>.elementor-spacer-inner{height:var(--container-widget-height,var(--spacer-size))}<\/style>\t\t<div class=\"elementor-spacer\">\n\t\t\t<div class=\"elementor-spacer-inner\"><\/div>\n\t\t<\/div>\n\t\t\t\t<\/div>\n\t\t\t\t<\/div>\n\t\t\t\t<div class=\"elementor-element elementor-element-6863f16 elementor-widget elementor-widget-heading\" data-id=\"6863f16\" data-element_type=\"widget\" data-widget_type=\"heading.default\">\n\t\t\t\t<div class=\"elementor-widget-container\">\n\t\t\t<h2 class=\"elementor-heading-title elementor-size-default\">Questions or concerns? Fill in this form!<\/h2>\t\t<\/div>\n\t\t\t\t<\/div>\n\t\t\t\t<div class=\"elementor-element elementor-element-94312b9 elementor-widget elementor-widget-heading\" data-id=\"94312b9\" data-element_type=\"widget\" data-widget_type=\"heading.default\">\n\t\t\t\t<div class=\"elementor-widget-container\">\n\t\t\t<p class=\"elementor-heading-title elementor-size-default\">If you have any questions or comments, feel free to fill out our contact form. We will get back to you as soon as possible.<\/p>\t\t<\/div>\n\t\t\t\t<\/div>\n\t\t\t\t<div class=\"elementor-element elementor-element-685c361 elementor-widget elementor-widget-image\" data-id=\"685c361\" data-element_type=\"widget\" data-widget_type=\"image.default\">\n\t\t\t\t<div class=\"elementor-widget-container\">\n\t\t\t<style>\/*! elementor - v3.10.1 - 17-01-2023 *\/\n.elementor-widget-image{text-align:center}.elementor-widget-image a{display:inline-block}.elementor-widget-image a img[src$=\".svg\"]{width:48px}.elementor-widget-image img{vertical-align:middle;display:inline-block}<\/style>\t\t\t\t\t\t\t\t\t\t\t\t<img loading=\"lazy\" decoding=\"async\" width=\"640\" height=\"622\" src=\"https:\/\/drelaliziad.com\/wp-content\/uploads\/2023\/01\/Rectangle-14-2.png\" class=\"attachment-large size-large wp-image-13416\" alt=\"\" srcset=\"https:\/\/drelaliziad.com\/wp-content\/uploads\/2023\/01\/Rectangle-14-2.png 781w, https:\/\/drelaliziad.com\/wp-content\/uploads\/2023\/01\/Rectangle-14-2-300x292.png 300w, https:\/\/drelaliziad.com\/wp-content\/uploads\/2023\/01\/Rectangle-14-2-768x746.png 768w, https:\/\/drelaliziad.com\/wp-content\/uploads\/2023\/01\/Rectangle-14-2-12x12.png 12w\" sizes=\"auto, (max-width: 640px) 100vw, 640px\" \/>\t\t\t\t\t\t\t\t\t\t\t\t\t\t\t<\/div>\n\t\t\t\t<\/div>\n\t\t\t\t\t<\/div>\n\t\t<\/div>\n\t\t\t\t<div class=\"elementor-column elementor-col-50 elementor-top-column elementor-element elementor-element-90640c2\" data-id=\"90640c2\" data-element_type=\"column\">\n\t\t\t<div class=\"elementor-widget-wrap elementor-element-populated\">\n\t\t\t\t\t\t\t\t<div class=\"elementor-element elementor-element-76bf1b6 elementor-widget elementor-widget-heading\" data-id=\"76bf1b6\" data-element_type=\"widget\" data-widget_type=\"heading.default\">\n\t\t\t\t<div class=\"elementor-widget-container\">\n\t\t\t<h2 class=\"elementor-heading-title elementor-size-default\">Contact us<\/h2>\t\t<\/div>\n\t\t\t\t<\/div>\n\t\t\t\t<div class=\"elementor-element elementor-element-558976d elementor-widget elementor-widget-image\" data-id=\"558976d\" data-element_type=\"widget\" data-widget_type=\"image.default\">\n\t\t\t\t<div class=\"elementor-widget-container\">\n\t\t\t\t\t\t\t\t\t\t\t\t\t\t\t<img loading=\"lazy\" decoding=\"async\" width=\"286\" height=\"2\" src=\"https:\/\/drelaliziad.com\/wp-content\/uploads\/2022\/11\/Line.png\" class=\"attachment-large size-large wp-image-11129\" alt=\"\" \/>\t\t\t\t\t\t\t\t\t\t\t\t\t\t\t<\/div>\n\t\t\t\t<\/div>\n\t\t\t\t<div class=\"elementor-element elementor-element-c037bcb textaria-magorment elementor-widget elementor-widget-shortcode\" data-id=\"c037bcb\" data-element_type=\"widget\" data-widget_type=\"shortcode.default\">\n\t\t\t\t<div class=\"elementor-widget-container\">\n\t\t\t\t\t<div class=\"elementor-shortcode\"><div class=\"wpcf7 no-js\" id=\"wpcf7-f815-o1\" lang=\"en-US\" dir=\"ltr\">\n<div class=\"screen-reader-response\"><p role=\"status\" aria-live=\"polite\" aria-atomic=\"true\"><\/p> <ul><\/ul><\/div>\n<form action=\"\/en\/wp-json\/wp\/v2\/pages\/3625#wpcf7-f815-o1\" method=\"post\" class=\"wpcf7-form init\" aria-label=\"Contact form\" novalidate=\"novalidate\" data-status=\"init\" data-trp-original-action=\"\/en\/wp-json\/wp\/v2\/pages\/3625#wpcf7-f815-o1\">\n<div style=\"display: none;\">\n<input type=\"hidden\" name=\"_wpcf7\" value=\"815\" \/>\n<input type=\"hidden\" name=\"_wpcf7_version\" value=\"5.7.2\" \/>\n<input type=\"hidden\" name=\"_wpcf7_locale\" value=\"en_US\" \/>\n<input type=\"hidden\" name=\"_wpcf7_unit_tag\" value=\"wpcf7-f815-o1\" \/>\n<input type=\"hidden\" name=\"_wpcf7_container_post\" value=\"0\" \/>\n<input type=\"hidden\" name=\"_wpcf7_posted_data_hash\" value=\"\" \/>\n<input type=\"hidden\" name=\"_wpcf7_recaptcha_response\" value=\"\" \/>\n<\/div>\n<div class=\"row form-select-mb-fix\">\n\t<div class=\"col-12 col-md-6\">\n\t\t<div class=\"inner-addon right-addon lable-form-all-color medinic-addon-icons\">\n\t\t\t<p><i class=\"iconly-Profile icli\"><\/i><span class=\"wpcf7-form-control-wrap\" data-name=\"Enteryourname\"><input size=\"40\" class=\"wpcf7-form-control wpcf7-text form-control lable-form-all\" aria-invalid=\"false\" placeholder=\"Your first and last name\" value=\"\" type=\"text\" name=\"Enteryourname\" \/><\/span>\n\t\t\t<\/p>\n\t\t<\/div>\n\t<\/div>\n\t<div class=\"col-12 col-md-6\">\n\t\t<div class=\"inner-addon right-addon lable-form-all-color medinic-addon-icons\">\n\t\t\t<p><i class=\"iconly-Calling icli\"><\/i><span class=\"wpcf7-form-control-wrap\" data-name=\"PhoneNo\"><input size=\"40\" class=\"wpcf7-form-control wpcf7-text form-control lable-form-all\" aria-invalid=\"false\" placeholder=\"Your phone number\" value=\"\" type=\"text\" name=\"PhoneNo\" \/><\/span>\n\t\t\t<\/p>\n\t\t<\/div>\n\t<\/div>\n<\/div>\n<div class=\"row form-select-mb-fix\">\n\t<div class=\"col-12\">\n\t\t<div class=\"inner-addon right-addon lable-form-all-color medinic-addon-icons\">\n\t\t\t<p><i class=\"iconly-Message icli\"><\/i><span class=\"wpcf7-form-control-wrap\" data-name=\"EmailAddress\"><input size=\"40\" class=\"wpcf7-form-control wpcf7-text wpcf7-email wpcf7-validates-as-required wpcf7-validates-as-email form-control lable-form-all\" aria-required=\"true\" aria-invalid=\"false\" placeholder=\"Mail address\" value=\"\" type=\"email\" name=\"EmailAddress\" \/><\/span>\n\t\t\t<\/p>\n\t\t<\/div>\n\t<\/div>\n<\/div>\n<div class=\"row rows-cols-1\">\n\t<div class=\"col-12\">\n\t\t<div class=\"inner-addon right-addon lable-form-all-color\">\n\t\t\t<p><span class=\"wpcf7-form-control-wrap\" data-name=\"Message\"><textarea cols=\"40\" rows=\"10\" class=\"wpcf7-form-control wpcf7-textarea wpcf7-validates-as-required\" aria-required=\"true\" aria-invalid=\"false\" placeholder=\"Message\" name=\"Message\"><\/textarea><\/span>\n\t\t\t<\/p>\n\t\t<\/div>\n\t<\/div>\n<\/div>\n<div class=\"medinik3-from-button\">\n\t<p><input class=\"wpcf7-form-control has-spinner wpcf7-submit btn btn-primary\" type=\"submit\" value=\"Send\" \/>\n\t<\/p>\n<\/div><div class=\"wpcf7-response-output\" aria-hidden=\"true\"><\/div><input type=\"hidden\" name=\"trp-form-language\" value=\"en\"\/><\/form><\/div><\/div>\n\t\t\t\t<\/div>\n\t\t\t\t<\/div>\n\t\t\t\t\t<\/div>\n\t\t<\/div>\n\t\t\t\t\t\t\t<\/div>\n\t\t<\/section>\n\t\t\t\t\t\t\t<\/div>","protected":false},"excerpt":{"rendered":"<p>Num\u00e9ro de t\u00e9l\u00e9phone +32 489 97 05 13 Adresse mail info@drelaliziad.com Une question? Remplissez ce formulaire! Si vous avez des questions ou des commentaires, n&#8217;h\u00e9sitez pas \u00e0 remplir notre formulaire de contact pour nous les faire parvenir. Nous reviendrons vers vous dans les plus brefs d\u00e9lais. Contactez-nous<\/p>","protected":false},"author":1,"featured_media":0,"parent":0,"menu_order":0,"comment_status":"closed","ping_status":"closed","template":"elementor_theme","meta":{"footnotes":""},"class_list":["post-3625","page","type-page","status-publish","hentry"],"yoast_head":"<!-- This site is optimized with the Yoast SEO plugin v20.0 - https:\/\/yoast.com\/wordpress\/plugins\/seo\/ -->\n<title>Formulaire de contact - DR EL ALI ZIAD<\/title>\n<meta name=\"robots\" content=\"index, follow, max-snippet:-1, max-image-preview:large, max-video-preview:-1\" \/>\n<link rel=\"canonical\" href=\"https:\/\/drelaliziad.com\/en\/contact\/\" \/>\n<meta property=\"og:locale\" content=\"en_GB\" \/>\n<meta property=\"og:type\" content=\"article\" \/>\n<meta property=\"og:title\" content=\"Formulaire de contact - DR EL ALI ZIAD\" \/>\n<meta property=\"og:description\" content=\"Num\u00e9ro de t\u00e9l\u00e9phone +32 489 97 05 13 Adresse mail info@drelaliziad.com Une question? Remplissez ce formulaire! Si vous avez des questions ou des commentaires, n&#8217;h\u00e9sitez pas \u00e0 remplir notre formulaire de contact pour nous les faire parvenir. Nous reviendrons vers vous dans les plus brefs d\u00e9lais. Contactez-nous\" \/>\n<meta property=\"og:url\" content=\"https:\/\/drelaliziad.com\/en\/contact\/\" \/>\n<meta property=\"og:site_name\" content=\"DR EL ALI ZIAD\" \/>\n<meta property=\"article:modified_time\" content=\"2023-01-30T10:17:22+00:00\" \/>\n<meta property=\"og:image\" content=\"https:\/\/drelaliziad.com\/wp-content\/uploads\/2023\/01\/Rectangle-14-2.png\" \/>\n<meta name=\"twitter:card\" content=\"summary_large_image\" \/>\n<meta name=\"twitter:label1\" content=\"Estimated reading time\" \/>\n\t<meta name=\"twitter:data1\" content=\"1 minute\" \/>\n<script type=\"application\/ld+json\" class=\"yoast-schema-graph\">{\"@context\":\"https:\/\/schema.org\",\"@graph\":[{\"@type\":\"WebPage\",\"@id\":\"https:\/\/drelaliziad.com\/contact\/\",\"url\":\"https:\/\/drelaliziad.com\/contact\/\",\"name\":\"Formulaire de contact - DR EL ALI ZIAD\",\"isPartOf\":{\"@id\":\"https:\/\/drelaliziad.com\/#website\"},\"datePublished\":\"2022-04-23T09:48:05+00:00\",\"dateModified\":\"2023-01-30T10:17:22+00:00\",\"inLanguage\":\"en-GB\",\"potentialAction\":[{\"@type\":\"ReadAction\",\"target\":[\"https:\/\/drelaliziad.com\/contact\/\"]}]},{\"@type\":\"WebSite\",\"@id\":\"https:\/\/drelaliziad.com\/#website\",\"url\":\"https:\/\/drelaliziad.com\/\",\"name\":\"DR EL ALI ZIAD\",\"description\":\"T\u00e9l\u00e9-oncologie\",\"publisher\":{\"@id\":\"https:\/\/drelaliziad.com\/#organization\"},\"potentialAction\":[{\"@type\":\"SearchAction\",\"target\":{\"@type\":\"EntryPoint\",\"urlTemplate\":\"https:\/\/drelaliziad.com\/?s={search_term_string}\"},\"query-input\":\"required name=search_term_string\"}],\"inLanguage\":\"en-GB\"},{\"@type\":\"Organization\",\"@id\":\"https:\/\/drelaliziad.com\/#organization\",\"name\":\"DR EL ALI ZIAD\",\"url\":\"https:\/\/drelaliziad.com\/\",\"logo\":{\"@type\":\"ImageObject\",\"inLanguage\":\"en-GB\",\"@id\":\"https:\/\/drelaliziad.com\/#\/schema\/logo\/image\/\",\"url\":\"https:\/\/drelaliziad.com\/wp-content\/uploads\/2023\/01\/cropped-Logo_Dr_ziad-removebg-preview.png\",\"contentUrl\":\"https:\/\/drelaliziad.com\/wp-content\/uploads\/2023\/01\/cropped-Logo_Dr_ziad-removebg-preview.png\",\"width\":384,\"height\":87,\"caption\":\"DR EL ALI ZIAD\"},\"image\":{\"@id\":\"https:\/\/drelaliziad.com\/#\/schema\/logo\/image\/\"}}]}<\/script>\n<!-- \/ Yoast SEO plugin. -->","yoast_head_json":{"title":"Formulaire de contact - DR EL ALI ZIAD","robots":{"index":"index","follow":"follow","max-snippet":"max-snippet:-1","max-image-preview":"max-image-preview:large","max-video-preview":"max-video-preview:-1"},"canonical":"https:\/\/drelaliziad.com\/en\/contact\/","og_locale":"en_GB","og_type":"article","og_title":"Formulaire de contact - DR EL ALI ZIAD","og_description":"Num\u00e9ro de t\u00e9l\u00e9phone +32 489 97 05 13 Adresse mail info@drelaliziad.com Une question? Remplissez ce formulaire! Si vous avez des questions ou des commentaires, n&#8217;h\u00e9sitez pas \u00e0 remplir notre formulaire de contact pour nous les faire parvenir. Nous reviendrons vers vous dans les plus brefs d\u00e9lais. Contactez-nous","og_url":"https:\/\/drelaliziad.com\/en\/contact\/","og_site_name":"DR EL ALI ZIAD","article_modified_time":"2023-01-30T10:17:22+00:00","og_image":[{"url":"https:\/\/drelaliziad.com\/wp-content\/uploads\/2023\/01\/Rectangle-14-2.png"}],"twitter_card":"summary_large_image","twitter_misc":{"Estimated reading time":"1 minute"},"schema":{"@context":"https:\/\/schema.org","@graph":[{"@type":"WebPage","@id":"https:\/\/drelaliziad.com\/contact\/","url":"https:\/\/drelaliziad.com\/contact\/","name":"Formulaire de contact - DR EL ALI ZIAD","isPartOf":{"@id":"https:\/\/drelaliziad.com\/#website"},"datePublished":"2022-04-23T09:48:05+00:00","dateModified":"2023-01-30T10:17:22+00:00","inLanguage":"en-GB","potentialAction":[{"@type":"ReadAction","target":["https:\/\/drelaliziad.com\/contact\/"]}]},{"@type":"WebSite","@id":"https:\/\/drelaliziad.com\/#website","url":"https:\/\/drelaliziad.com\/","name":"DR EL ALI ZIAD","description":"T\u00e9l\u00e9-oncologie","publisher":{"@id":"https:\/\/drelaliziad.com\/#organization"},"potentialAction":[{"@type":"SearchAction","target":{"@type":"EntryPoint","urlTemplate":"https:\/\/drelaliziad.com\/?s={search_term_string}"},"query-input":"required name=search_term_string"}],"inLanguage":"en-GB"},{"@type":"Organization","@id":"https:\/\/drelaliziad.com\/#organization","name":"DR EL ALI ZIAD","url":"https:\/\/drelaliziad.com\/","logo":{"@type":"ImageObject","inLanguage":"en-GB","@id":"https:\/\/drelaliziad.com\/#\/schema\/logo\/image\/","url":"https:\/\/drelaliziad.com\/wp-content\/uploads\/2023\/01\/cropped-Logo_Dr_ziad-removebg-preview.png","contentUrl":"https:\/\/drelaliziad.com\/wp-content\/uploads\/2023\/01\/cropped-Logo_Dr_ziad-removebg-preview.png","width":384,"height":87,"caption":"DR EL ALI ZIAD"},"image":{"@id":"https:\/\/drelaliziad.com\/#\/schema\/logo\/image\/"}}]}},"_links":{"self":[{"href":"https:\/\/drelaliziad.com\/en\/wp-json\/wp\/v2\/pages\/3625","targetHints":{"allow":["GET"]}}],"collection":[{"href":"https:\/\/drelaliziad.com\/en\/wp-json\/wp\/v2\/pages"}],"about":[{"href":"https:\/\/drelaliziad.com\/en\/wp-json\/wp\/v2\/types\/page"}],"author":[{"embeddable":true,"href":"https:\/\/drelaliziad.com\/en\/wp-json\/wp\/v2\/users\/1"}],"replies":[{"embeddable":true,"href":"https:\/\/drelaliziad.com\/en\/wp-json\/wp\/v2\/comments?post=3625"}],"version-history":[{"count":74,"href":"https:\/\/drelaliziad.com\/en\/wp-json\/wp\/v2\/pages\/3625\/revisions"}],"predecessor-version":[{"id":13419,"href":"https:\/\/drelaliziad.com\/en\/wp-json\/wp\/v2\/pages\/3625\/revisions\/13419"}],"wp:attachment":[{"href":"https:\/\/drelaliziad.com\/en\/wp-json\/wp\/v2\/media?parent=3625"}],"curies":[{"name":"wp","href":"https:\/\/api.w.org\/{rel}","templated":true}]}}