{"id":12082,"date":"2023-01-19T16:33:43","date_gmt":"2023-01-19T16:33:43","guid":{"rendered":"https:\/\/drelaliziad.com\/?page_id=12082"},"modified":"2023-01-31T08:45:23","modified_gmt":"2023-01-31T08:45:23","slug":"conditions-generales","status":"publish","type":"page","link":"https:\/\/drelaliziad.com\/en\/conditions-generales\/","title":{"rendered":"Terms and conditions"},"content":{"rendered":"<div data-elementor-type=\"wp-page\" data-elementor-id=\"12082\" class=\"elementor elementor-12082\">\n\t\t\t\t\t\t\t\t\t<section class=\"elementor-section elementor-top-section elementor-element elementor-element-5a4deae elementor-section-full_width elementor-section-height-default elementor-section-height-default\" data-id=\"5a4deae\" data-element_type=\"section\">\n\t\t\t\t\t\t<div class=\"elementor-container elementor-column-gap-extended\">\n\t\t\t\t\t<div class=\"elementor-column elementor-col-100 elementor-top-column elementor-element elementor-element-18d951b\" data-id=\"18d951b\" data-element_type=\"column\">\n\t\t\t<div class=\"elementor-widget-wrap elementor-element-populated\">\n\t\t\t\t\t\t\t\t<div class=\"elementor-element elementor-element-7f64c87 elementor-widget elementor-widget-heading\" data-id=\"7f64c87\" data-element_type=\"widget\" data-widget_type=\"heading.default\">\n\t\t\t\t<div class=\"elementor-widget-container\">\n\t\t\t<style>\/*! elementor - v3.10.1 - 17-01-2023 *\/\n.elementor-heading-title{padding:0;margin:0;line-height:1}.elementor-widget-heading .elementor-heading-title[class*=elementor-size-]>a{color:inherit;font-size:inherit;line-height:inherit}.elementor-widget-heading .elementor-heading-title.elementor-size-small{font-size:15px}.elementor-widget-heading .elementor-heading-title.elementor-size-medium{font-size:19px}.elementor-widget-heading .elementor-heading-title.elementor-size-large{font-size:29px}.elementor-widget-heading .elementor-heading-title.elementor-size-xl{font-size:39px}.elementor-widget-heading .elementor-heading-title.elementor-size-xxl{font-size:59px}<\/style><p class=\"elementor-heading-title elementor-size-default\">Terms and conditions<\/p>\t\t<\/div>\n\t\t\t\t<\/div>\n\t\t\t\t\t<\/div>\n\t\t<\/div>\n\t\t\t\t\t\t\t<\/div>\n\t\t<\/section>\n\t\t\t\t<section class=\"elementor-section elementor-top-section elementor-element elementor-element-ef5bd27 elementor-section-boxed elementor-section-height-default elementor-section-height-default\" data-id=\"ef5bd27\" data-element_type=\"section\">\n\t\t\t\t\t\t<div class=\"elementor-container elementor-column-gap-default\">\n\t\t\t\t\t<div class=\"elementor-column elementor-col-100 elementor-top-column elementor-element elementor-element-08a7a9b\" data-id=\"08a7a9b\" data-element_type=\"column\">\n\t\t\t<div class=\"elementor-widget-wrap elementor-element-populated\">\n\t\t\t\t\t\t\t\t<div class=\"elementor-element elementor-element-d5047da elementor-invisible elementor-widget elementor-widget-text-editor\" data-id=\"d5047da\" data-element_type=\"widget\" data-settings=\"{&quot;_animation&quot;:&quot;fadeInUp&quot;}\" data-widget_type=\"text-editor.default\">\n\t\t\t\t<div class=\"elementor-widget-container\">\n\t\t\t<style>\/*! elementor - v3.10.1 - 17-01-2023 *\/\n.elementor-widget-text-editor.elementor-drop-cap-view-stacked .elementor-drop-cap{background-color:#818a91;color:#fff}.elementor-widget-text-editor.elementor-drop-cap-view-framed .elementor-drop-cap{color:#818a91;border:3px solid;background-color:transparent}.elementor-widget-text-editor:not(.elementor-drop-cap-view-default) .elementor-drop-cap{margin-top:8px}.elementor-widget-text-editor:not(.elementor-drop-cap-view-default) .elementor-drop-cap-letter{width:1em;height:1em}.elementor-widget-text-editor .elementor-drop-cap{float:left;text-align:center;line-height:1;font-size:50px}.elementor-widget-text-editor .elementor-drop-cap-letter{display:inline-block}<\/style>\t\t\t\t<p><strong>Editeur du site:<\/strong><\/p><p>BV Dr El Ali Ziad<br \/>BTW-nummer: BE0774.938.542<br \/>Vilvoordelaan 73 1830<br \/>1830 Machelen<\/p><p><strong>H\u00e9bergement:<\/strong><\/p><p>OVH<\/p><p><strong>D\u00e9veloppement et design du site<\/strong><\/p><p>Devcom-Media<br \/>Num\u00e9ro de TVA: BE0738589375<br \/>Avenue Louise 179, 1050 Bruxelles<\/p>\t\t\t\t\t\t<\/div>\n\t\t\t\t<\/div>\n\t\t\t\t\t<\/div>\n\t\t<\/div>\n\t\t\t\t\t\t\t<\/div>\n\t\t<\/section>\n\t\t\t\t\t\t\t<\/div>","protected":false},"excerpt":{"rendered":"<p>Conditions g\u00e9n\u00e9rales Editeur du site: BV Dr El Ali ZiadBTW-nummer: BE0774.938.542Vilvoordelaan 73 18301830 Machelen H\u00e9bergement: OVH D\u00e9veloppement et design du site Devcom-MediaNum\u00e9ro de TVA: BE0738589375Avenue Louise 179, 1050 Bruxelles<\/p>","protected":false},"author":1,"featured_media":0,"parent":0,"menu_order":0,"comment_status":"closed","ping_status":"closed","template":"","meta":{"footnotes":""},"class_list":["post-12082","page","type-page","status-publish","hentry"],"yoast_head":"<!-- This site is optimized with the Yoast SEO plugin v20.0 - https:\/\/yoast.com\/wordpress\/plugins\/seo\/ -->\n<title>Conditions g\u00e9n\u00e9rales - DR EL ALI ZIAD<\/title>\n<meta name=\"robots\" content=\"index, follow, max-snippet:-1, max-image-preview:large, max-video-preview:-1\" \/>\n<link rel=\"canonical\" href=\"https:\/\/drelaliziad.com\/en\/conditions-generales\/\" \/>\n<meta property=\"og:locale\" content=\"en_GB\" \/>\n<meta property=\"og:type\" content=\"article\" \/>\n<meta property=\"og:title\" content=\"Conditions g\u00e9n\u00e9rales - DR EL ALI ZIAD\" \/>\n<meta property=\"og:description\" content=\"Conditions g\u00e9n\u00e9rales Editeur du site: BV Dr El Ali ZiadBTW-nummer: BE0774.938.542Vilvoordelaan 73 18301830 Machelen H\u00e9bergement: OVH D\u00e9veloppement et design du site Devcom-MediaNum\u00e9ro de TVA: BE0738589375Avenue Louise 179, 1050 Bruxelles\" \/>\n<meta property=\"og:url\" content=\"https:\/\/drelaliziad.com\/en\/conditions-generales\/\" \/>\n<meta property=\"og:site_name\" content=\"DR EL ALI ZIAD\" \/>\n<meta property=\"article:modified_time\" content=\"2023-01-31T08:45:23+00:00\" \/>\n<meta name=\"twitter:card\" content=\"summary_large_image\" \/>\n<meta name=\"twitter:label1\" content=\"Estimated reading time\" \/>\n\t<meta name=\"twitter:data1\" content=\"1 minute\" \/>\n<script type=\"application\/ld+json\" class=\"yoast-schema-graph\">{\"@context\":\"https:\/\/schema.org\",\"@graph\":[{\"@type\":\"WebPage\",\"@id\":\"https:\/\/drelaliziad.com\/conditions-generales\/\",\"url\":\"https:\/\/drelaliziad.com\/conditions-generales\/\",\"name\":\"Conditions g\u00e9n\u00e9rales - DR EL ALI ZIAD\",\"isPartOf\":{\"@id\":\"https:\/\/drelaliziad.com\/#website\"},\"datePublished\":\"2023-01-19T16:33:43+00:00\",\"dateModified\":\"2023-01-31T08:45:23+00:00\",\"inLanguage\":\"en-GB\",\"potentialAction\":[{\"@type\":\"ReadAction\",\"target\":[\"https:\/\/drelaliziad.com\/conditions-generales\/\"]}]},{\"@type\":\"WebSite\",\"@id\":\"https:\/\/drelaliziad.com\/#website\",\"url\":\"https:\/\/drelaliziad.com\/\",\"name\":\"DR EL ALI ZIAD\",\"description\":\"T\u00e9l\u00e9-oncologie\",\"publisher\":{\"@id\":\"https:\/\/drelaliziad.com\/#organization\"},\"potentialAction\":[{\"@type\":\"SearchAction\",\"target\":{\"@type\":\"EntryPoint\",\"urlTemplate\":\"https:\/\/drelaliziad.com\/?s={search_term_string}\"},\"query-input\":\"required name=search_term_string\"}],\"inLanguage\":\"en-GB\"},{\"@type\":\"Organization\",\"@id\":\"https:\/\/drelaliziad.com\/#organization\",\"name\":\"DR EL ALI ZIAD\",\"url\":\"https:\/\/drelaliziad.com\/\",\"logo\":{\"@type\":\"ImageObject\",\"inLanguage\":\"en-GB\",\"@id\":\"https:\/\/drelaliziad.com\/#\/schema\/logo\/image\/\",\"url\":\"https:\/\/drelaliziad.com\/wp-content\/uploads\/2023\/01\/cropped-Logo_Dr_ziad-removebg-preview.png\",\"contentUrl\":\"https:\/\/drelaliziad.com\/wp-content\/uploads\/2023\/01\/cropped-Logo_Dr_ziad-removebg-preview.png\",\"width\":384,\"height\":87,\"caption\":\"DR EL ALI ZIAD\"},\"image\":{\"@id\":\"https:\/\/drelaliziad.com\/#\/schema\/logo\/image\/\"}}]}<\/script>\n<!-- \/ Yoast SEO plugin. -->","yoast_head_json":{"title":"Conditions g\u00e9n\u00e9rales - DR EL ALI ZIAD","robots":{"index":"index","follow":"follow","max-snippet":"max-snippet:-1","max-image-preview":"max-image-preview:large","max-video-preview":"max-video-preview:-1"},"canonical":"https:\/\/drelaliziad.com\/en\/conditions-generales\/","og_locale":"en_GB","og_type":"article","og_title":"Conditions g\u00e9n\u00e9rales - DR EL ALI ZIAD","og_description":"Conditions g\u00e9n\u00e9rales Editeur du site: BV Dr El Ali ZiadBTW-nummer: BE0774.938.542Vilvoordelaan 73 18301830 Machelen H\u00e9bergement: OVH D\u00e9veloppement et design du site Devcom-MediaNum\u00e9ro de TVA: BE0738589375Avenue Louise 179, 1050 Bruxelles","og_url":"https:\/\/drelaliziad.com\/en\/conditions-generales\/","og_site_name":"DR EL ALI ZIAD","article_modified_time":"2023-01-31T08:45:23+00:00","twitter_card":"summary_large_image","twitter_misc":{"Estimated reading time":"1 minute"},"schema":{"@context":"https:\/\/schema.org","@graph":[{"@type":"WebPage","@id":"https:\/\/drelaliziad.com\/conditions-generales\/","url":"https:\/\/drelaliziad.com\/conditions-generales\/","name":"Conditions g\u00e9n\u00e9rales - DR EL ALI ZIAD","isPartOf":{"@id":"https:\/\/drelaliziad.com\/#website"},"datePublished":"2023-01-19T16:33:43+00:00","dateModified":"2023-01-31T08:45:23+00:00","inLanguage":"en-GB","potentialAction":[{"@type":"ReadAction","target":["https:\/\/drelaliziad.com\/conditions-generales\/"]}]},{"@type":"WebSite","@id":"https:\/\/drelaliziad.com\/#website","url":"https:\/\/drelaliziad.com\/","name":"DR EL ALI ZIAD","description":"T\u00e9l\u00e9-oncologie","publisher":{"@id":"https:\/\/drelaliziad.com\/#organization"},"potentialAction":[{"@type":"SearchAction","target":{"@type":"EntryPoint","urlTemplate":"https:\/\/drelaliziad.com\/?s={search_term_string}"},"query-input":"required name=search_term_string"}],"inLanguage":"en-GB"},{"@type":"Organization","@id":"https:\/\/drelaliziad.com\/#organization","name":"DR EL ALI ZIAD","url":"https:\/\/drelaliziad.com\/","logo":{"@type":"ImageObject","inLanguage":"en-GB","@id":"https:\/\/drelaliziad.com\/#\/schema\/logo\/image\/","url":"https:\/\/drelaliziad.com\/wp-content\/uploads\/2023\/01\/cropped-Logo_Dr_ziad-removebg-preview.png","contentUrl":"https:\/\/drelaliziad.com\/wp-content\/uploads\/2023\/01\/cropped-Logo_Dr_ziad-removebg-preview.png","width":384,"height":87,"caption":"DR EL ALI ZIAD"},"image":{"@id":"https:\/\/drelaliziad.com\/#\/schema\/logo\/image\/"}}]}},"_links":{"self":[{"href":"https:\/\/drelaliziad.com\/en\/wp-json\/wp\/v2\/pages\/12082","targetHints":{"allow":["GET"]}}],"collection":[{"href":"https:\/\/drelaliziad.com\/en\/wp-json\/wp\/v2\/pages"}],"about":[{"href":"https:\/\/drelaliziad.com\/en\/wp-json\/wp\/v2\/types\/page"}],"author":[{"embeddable":true,"href":"https:\/\/drelaliziad.com\/en\/wp-json\/wp\/v2\/users\/1"}],"replies":[{"embeddable":true,"href":"https:\/\/drelaliziad.com\/en\/wp-json\/wp\/v2\/comments?post=12082"}],"version-history":[{"count":8,"href":"https:\/\/drelaliziad.com\/en\/wp-json\/wp\/v2\/pages\/12082\/revisions"}],"predecessor-version":[{"id":13438,"href":"https:\/\/drelaliziad.com\/en\/wp-json\/wp\/v2\/pages\/12082\/revisions\/13438"}],"wp:attachment":[{"href":"https:\/\/drelaliziad.com\/en\/wp-json\/wp\/v2\/media?parent=12082"}],"curies":[{"name":"wp","href":"https:\/\/api.w.org\/{rel}","templated":true}]}}