{"id":10052,"date":"2022-08-02T06:50:50","date_gmt":"2022-08-02T06:50:50","guid":{"rendered":"https:\/\/medinik.themepreview.xyz\/medinik-one\/?page_id=10052"},"modified":"2025-01-01T11:18:08","modified_gmt":"2025-01-01T11:18:08","slug":"a-propos","status":"publish","type":"page","link":"https:\/\/drelaliziad.com\/en\/a-propos\/","title":{"rendered":"Biography"},"content":{"rendered":"<div data-elementor-type=\"wp-page\" data-elementor-id=\"10052\" class=\"elementor elementor-10052\">\n\t\t\t\t\t\t\t\t\t<section class=\"elementor-section elementor-top-section elementor-element elementor-element-32d1afe elementor-section-boxed elementor-section-height-default elementor-section-height-default\" data-id=\"32d1afe\" data-element_type=\"section\">\n\t\t\t\t\t\t<div class=\"elementor-container elementor-column-gap-default\">\n\t\t\t\t\t<div class=\"elementor-column elementor-col-50 elementor-top-column elementor-element elementor-element-e5e3e37\" data-id=\"e5e3e37\" data-element_type=\"column\">\n\t\t\t<div class=\"elementor-widget-wrap elementor-element-populated\">\n\t\t\t\t\t\t\t\t<div class=\"elementor-element elementor-element-4166f13 elementor-widget elementor-widget-image\" data-id=\"4166f13\" data-element_type=\"widget\" data-widget_type=\"image.default\">\n\t\t\t\t<div class=\"elementor-widget-container\">\n\t\t\t<style>\/*! elementor - v3.10.1 - 17-01-2023 *\/\n.elementor-widget-image{text-align:center}.elementor-widget-image a{display:inline-block}.elementor-widget-image a img[src$=\".svg\"]{width:48px}.elementor-widget-image img{vertical-align:middle;display:inline-block}<\/style>\t\t\t\t\t\t\t\t\t\t\t\t<img loading=\"lazy\" decoding=\"async\" width=\"640\" height=\"611\" src=\"https:\/\/drelaliziad.com\/wp-content\/uploads\/2022\/05\/Photo-Dr-EL-Ali-1024x977.jpg\" class=\"attachment-large size-large wp-image-11878\" alt=\"\" srcset=\"https:\/\/drelaliziad.com\/wp-content\/uploads\/2022\/05\/Photo-Dr-EL-Ali-1024x977.jpg 1024w, https:\/\/drelaliziad.com\/wp-content\/uploads\/2022\/05\/Photo-Dr-EL-Ali-300x286.jpg 300w, https:\/\/drelaliziad.com\/wp-content\/uploads\/2022\/05\/Photo-Dr-EL-Ali-768x733.jpg 768w, https:\/\/drelaliziad.com\/wp-content\/uploads\/2022\/05\/Photo-Dr-EL-Ali-600x572.jpg 600w, https:\/\/drelaliziad.com\/wp-content\/uploads\/2022\/05\/Photo-Dr-EL-Ali.jpg 1280w\" sizes=\"auto, (max-width: 640px) 100vw, 640px\" \/>\t\t\t\t\t\t\t\t\t\t\t\t\t\t\t<\/div>\n\t\t\t\t<\/div>\n\t\t\t\t<div class=\"elementor-element elementor-element-33908dd elementor-widget elementor-widget-heading\" data-id=\"33908dd\" data-element_type=\"widget\" data-widget_type=\"heading.default\">\n\t\t\t\t<div class=\"elementor-widget-container\">\n\t\t\t<style>\/*! elementor - v3.10.1 - 17-01-2023 *\/\n.elementor-heading-title{padding:0;margin:0;line-height:1}.elementor-widget-heading .elementor-heading-title[class*=elementor-size-]>a{color:inherit;font-size:inherit;line-height:inherit}.elementor-widget-heading .elementor-heading-title.elementor-size-small{font-size:15px}.elementor-widget-heading .elementor-heading-title.elementor-size-medium{font-size:19px}.elementor-widget-heading .elementor-heading-title.elementor-size-large{font-size:29px}.elementor-widget-heading .elementor-heading-title.elementor-size-xl{font-size:39px}.elementor-widget-heading .elementor-heading-title.elementor-size-xxl{font-size:59px}<\/style><p class=\"elementor-heading-title elementor-size-default\">Biography :<\/p>\t\t<\/div>\n\t\t\t\t<\/div>\n\t\t\t\t<div class=\"elementor-element elementor-element-b24dbbc elementor-invisible elementor-widget elementor-widget-text-editor\" data-id=\"b24dbbc\" data-element_type=\"widget\" data-settings=\"{&quot;_animation&quot;:&quot;fadeInUp&quot;}\" data-widget_type=\"text-editor.default\">\n\t\t\t\t<div class=\"elementor-widget-container\">\n\t\t\t<style>\/*! elementor - v3.10.1 - 17-01-2023 *\/\n.elementor-widget-text-editor.elementor-drop-cap-view-stacked .elementor-drop-cap{background-color:#818a91;color:#fff}.elementor-widget-text-editor.elementor-drop-cap-view-framed .elementor-drop-cap{color:#818a91;border:3px solid;background-color:transparent}.elementor-widget-text-editor:not(.elementor-drop-cap-view-default) .elementor-drop-cap{margin-top:8px}.elementor-widget-text-editor:not(.elementor-drop-cap-view-default) .elementor-drop-cap-letter{width:1em;height:1em}.elementor-widget-text-editor .elementor-drop-cap{float:left;text-align:center;line-height:1;font-size:50px}.elementor-widget-text-editor .elementor-drop-cap-letter{display:inline-block}<\/style>\t\t\t\t<p>Dr El Ali Ziad was born in 1973 with both Belgian and Lebanese nationality.<\/p><p>\u2013 General medical oncologist, graduated with great distinction from the Free University of Brussels.<\/p><p>\u2013 Trained in Brussels at the Jules Bordet Institute, a reference center in oncology, by expert professors of international reputation.<\/p><p>&#8211; Titulaire d\u2019un dipl\u00f4me de doctorat scientifique PhD, le garde universitaire le plus \u00e9lev\u00e9. Domaine de la th\u00e8se doctorale : \u00ab les tumeurs neuroendocrines du syst\u00e8me digestif \u00bb.<\/p><p>&#8211; Coordinateur g\u00e9n\u00e9ral du service de l\u2019oncologie-H\u00e9matologie aux h\u00f4pitaux IRIS-Sud \u00e0 Bruxelles depuis 2017 jusqu&#8217;\u00e0 pr\u00e9sent (2025).<\/p><p>\u2013 Second opinion consultant at the Jules Bordet Institute since 2014.<\/p><p>\u2013 Also holder of a specialized diploma in internal medicine.<\/p><p>\u2013 Member of the Belgian Society and the European Society of Oncology (BSMO and ESMO)<\/p><p>\u2013 Author and co-author of several scientific publications. Some examples :<\/p>\t\t\t\t\t\t<\/div>\n\t\t\t\t<\/div>\n\t\t\t\t<div class=\"elementor-element elementor-element-9806998 elementor-invisible elementor-widget elementor-widget-text-editor\" data-id=\"9806998\" data-element_type=\"widget\" data-settings=\"{&quot;_animation&quot;:&quot;fadeInUp&quot;}\" data-widget_type=\"text-editor.default\">\n\t\t\t\t<div class=\"elementor-widget-container\">\n\t\t\t\t\t\t\t<p><strong><span style=\"text-decoration: underline;\">1 . El Ali Z<\/span>\u00a0 \u201cPembrolizumab-induced &lt;&gt; hair discoloration in a patient with metastatic lung cancer.\u00a0\u00a0<em>Arch Clin Biomed Res 2021; 5 (3): 452-456.<\/em><\/strong><\/p><p><strong><u>2. El Ali Z\u00a0 \u00a0<\/u>Verse L. \u201cBudosenid Treatment of Avelumab Induced Autoimmune Colitis in Patient With Metastatic Merkel Cell Carcinoma; A Case Report.\u2019\u2019 Clinical Oncology Research\u201d 2019, vol 2 (5).<\/strong><\/p><p><strong><u>3. El Ali Z\u00a0 <\/u>Rottey S, Barthelemy P, et al. Brain Metastasis and Renal Cell Carcinoma: Prognostic Scores Assessment in the Era of Targeted Therapies. Anticancer Res. 2019; 39(16): 2993-3002.<\/strong><\/p><p><strong><u>4. El Ali Ziad <\/u>\u00a0Van Brummelen, P. Wolter, S. Rottey, S. Altintas, D. Schallier, P. Debruyne, C. Gennigens, F. Van Aelst, S. Sideris, T. Gil, N. Sirtaine, L. D'Hondt, Luyten D, C. Focan, G. Matus, M Rasschaert, G. Pelgrims, and BSMO Renal Cancer Task Force Group.\u00a0<em>Management and systemic treatment of clear cell metastatic renal carcinoma: BSMO expert panel recommendations<\/em>.\u00a0Belg J Med Oncol 2015;9(1):16-24).\u00a0<\/strong><\/p>\t\t\t\t\t\t<\/div>\n\t\t\t\t<\/div>\n\t\t\t\t<div class=\"elementor-element elementor-element-c162cc5 animated-slow elementor-invisible elementor-widget elementor-widget-text-editor\" data-id=\"c162cc5\" data-element_type=\"widget\" data-settings=\"{&quot;_animation&quot;:&quot;pulse&quot;}\" data-widget_type=\"text-editor.default\">\n\t\t\t\t<div class=\"elementor-widget-container\">\n\t\t\t\t\t\t\t<p>\u2013 The inexhaustible quest to update and modernize his knowledge marks his career.<\/p><p>\u2013 His attentive ear and his meticulousness sculpt a conscientious, cautious oncologist who aims for his patients confidence and admiration.<\/p>\t\t\t\t\t\t<\/div>\n\t\t\t\t<\/div>\n\t\t\t\t\t<\/div>\n\t\t<\/div>\n\t\t\t\t<div class=\"elementor-column elementor-col-50 elementor-top-column elementor-element elementor-element-b0a090c\" data-id=\"b0a090c\" data-element_type=\"column\">\n\t\t\t<div class=\"elementor-widget-wrap elementor-element-populated\">\n\t\t\t\t\t\t\t\t<div class=\"elementor-element elementor-element-5c777fc elementor-widget elementor-widget-spacer\" data-id=\"5c777fc\" data-element_type=\"widget\" data-widget_type=\"spacer.default\">\n\t\t\t\t<div class=\"elementor-widget-container\">\n\t\t\t<style>\/*! elementor - v3.10.1 - 17-01-2023 *\/\n.elementor-column .elementor-spacer-inner{height:var(--spacer-size)}.e-con{--container-widget-width:100%}.e-con-inner>.elementor-widget-spacer,.e-con>.elementor-widget-spacer{width:var(--container-widget-width,var(--spacer-size));--align-self:var(--container-widget-align-self,initial);--flex-shrink:0}.e-con-inner>.elementor-widget-spacer>.elementor-widget-container,.e-con-inner>.elementor-widget-spacer>.elementor-widget-container>.elementor-spacer,.e-con>.elementor-widget-spacer>.elementor-widget-container,.e-con>.elementor-widget-spacer>.elementor-widget-container>.elementor-spacer{height:100%}.e-con-inner>.elementor-widget-spacer>.elementor-widget-container>.elementor-spacer>.elementor-spacer-inner,.e-con>.elementor-widget-spacer>.elementor-widget-container>.elementor-spacer>.elementor-spacer-inner{height:var(--container-widget-height,var(--spacer-size))}<\/style>\t\t<div class=\"elementor-spacer\">\n\t\t\t<div class=\"elementor-spacer-inner\"><\/div>\n\t\t<\/div>\n\t\t\t\t<\/div>\n\t\t\t\t<\/div>\n\t\t\t\t<section class=\"elementor-section elementor-inner-section elementor-element elementor-element-af6b2dd elementor-section-boxed elementor-section-height-default elementor-section-height-default\" data-id=\"af6b2dd\" data-element_type=\"section\" data-settings=\"{&quot;background_background&quot;:&quot;classic&quot;}\">\n\t\t\t\t\t\t<div class=\"elementor-container elementor-column-gap-default\">\n\t\t\t\t\t<div class=\"elementor-column elementor-col-100 elementor-inner-column elementor-element elementor-element-dd2a30c\" data-id=\"dd2a30c\" data-element_type=\"column\" data-settings=\"{&quot;background_background&quot;:&quot;classic&quot;}\">\n\t\t\t<div class=\"elementor-widget-wrap elementor-element-populated\">\n\t\t\t\t\t\t\t\t<div class=\"elementor-element elementor-element-4f24c8e elementor-widget elementor-widget-heading\" data-id=\"4f24c8e\" data-element_type=\"widget\" data-widget_type=\"heading.default\">\n\t\t\t\t<div class=\"elementor-widget-container\">\n\t\t\t<h2 class=\"elementor-heading-title elementor-size-default\">Consultation hours<\/h2>\t\t<\/div>\n\t\t\t\t<\/div>\n\t\t\t\t<div class=\"elementor-element elementor-element-ada0d14 mdooter-time-set elementor-icon-list--layout-traditional elementor-list-item-link-full_width elementor-widget elementor-widget-icon-list\" data-id=\"ada0d14\" data-element_type=\"widget\" data-widget_type=\"icon-list.default\">\n\t\t\t\t<div class=\"elementor-widget-container\">\n\t\t\t<link rel=\"stylesheet\" href=\"https:\/\/drelaliziad.com\/wp-content\/plugins\/elementor\/assets\/css\/widget-icon-list.min.css\">\t\t<ul class=\"elementor-icon-list-items\">\n\t\t\t\t\t\t\t<li class=\"elementor-icon-list-item\">\n\t\t\t\t\t\t\t\t\t\t<span class=\"elementor-icon-list-text\">Monday 17.30 to 19.30 (30 minutes per consultation)<\/span>\n\t\t\t\t\t\t\t\t\t<\/li>\n\t\t\t\t\t\t\t\t<li class=\"elementor-icon-list-item\">\n\t\t\t\t\t\t\t\t\t\t<span class=\"elementor-icon-list-text\">Tuesday 17.30 to 19.30 (30 minutes per consultation)<\/span>\n\t\t\t\t\t\t\t\t\t<\/li>\n\t\t\t\t\t\t\t\t<li class=\"elementor-icon-list-item\">\n\t\t\t\t\t\t\t\t\t\t<span class=\"elementor-icon-list-text\">Saturday 8.30 to 10.30 (30 minutes per consultation)<\/span>\n\t\t\t\t\t\t\t\t\t<\/li>\n\t\t\t\t\t\t<\/ul>\n\t\t\t\t<\/div>\n\t\t\t\t<\/div>\n\t\t\t\t\t<\/div>\n\t\t<\/div>\n\t\t\t\t\t\t\t<\/div>\n\t\t<\/section>\n\t\t\t\t\t<\/div>\n\t\t<\/div>\n\t\t\t\t\t\t\t<\/div>\n\t\t<\/section>\n\t\t\t\t\t\t\t<\/div>","protected":false},"excerpt":{"rendered":"<p>Biographie : Dr El Ali Ziad, n\u00e9 en 1973, poss\u00e9dant double nationalit\u00e9 belge et libanaise. &#8211; Oncologue m\u00e9dicale g\u00e9n\u00e9rale, dipl\u00f4me avec la grande distinction de l\u2019Universit\u00e9 Libre de Bruxelles. &#8211; Form\u00e9 \u00e0 Bruxelles \u00e0 l\u2019Institut Jules Bordet, centre de r\u00e9f\u00e9rence dans l\u2019oncologie, par des professeurs experts et de r\u00e9putation internationale. &#8211; Titulaire d\u2019un dipl\u00f4me de [&hellip;]<\/p>","protected":false},"author":1,"featured_media":0,"parent":0,"menu_order":0,"comment_status":"closed","ping_status":"closed","template":"","meta":{"footnotes":""},"class_list":["post-10052","page","type-page","status-publish","hentry"],"yoast_head":"<!-- This site is optimized with the Yoast SEO plugin v20.0 - https:\/\/yoast.com\/wordpress\/plugins\/seo\/ -->\n<title>Biographie - DR EL ALI ZIAD<\/title>\n<meta name=\"robots\" content=\"index, follow, max-snippet:-1, max-image-preview:large, max-video-preview:-1\" \/>\n<link rel=\"canonical\" href=\"https:\/\/drelaliziad.com\/en\/a-propos\/\" \/>\n<meta property=\"og:locale\" content=\"en_GB\" \/>\n<meta property=\"og:type\" content=\"article\" \/>\n<meta property=\"og:title\" content=\"Biographie - DR EL ALI ZIAD\" \/>\n<meta property=\"og:description\" content=\"Biographie : Dr El Ali Ziad, n\u00e9 en 1973, poss\u00e9dant double nationalit\u00e9 belge et libanaise. &#8211; Oncologue m\u00e9dicale g\u00e9n\u00e9rale, dipl\u00f4me avec la grande distinction de l\u2019Universit\u00e9 Libre de Bruxelles. &#8211; Form\u00e9 \u00e0 Bruxelles \u00e0 l\u2019Institut Jules Bordet, centre de r\u00e9f\u00e9rence dans l\u2019oncologie, par des professeurs experts et de r\u00e9putation internationale. &#8211; Titulaire d\u2019un dipl\u00f4me de [&hellip;]\" \/>\n<meta property=\"og:url\" content=\"https:\/\/drelaliziad.com\/en\/a-propos\/\" \/>\n<meta property=\"og:site_name\" content=\"DR EL ALI ZIAD\" \/>\n<meta property=\"article:modified_time\" content=\"2025-01-01T11:18:08+00:00\" \/>\n<meta property=\"og:image\" content=\"https:\/\/drelaliziad.com\/wp-content\/uploads\/2022\/05\/Photo-Dr-EL-Ali-1024x977.jpg\" \/>\n<meta name=\"twitter:card\" content=\"summary_large_image\" \/>\n<meta name=\"twitter:label1\" content=\"Estimated reading time\" \/>\n\t<meta name=\"twitter:data1\" content=\"2 minutes\" \/>\n<script type=\"application\/ld+json\" class=\"yoast-schema-graph\">{\"@context\":\"https:\/\/schema.org\",\"@graph\":[{\"@type\":\"WebPage\",\"@id\":\"https:\/\/drelaliziad.com\/a-propos\/\",\"url\":\"https:\/\/drelaliziad.com\/a-propos\/\",\"name\":\"Biographie - DR EL ALI ZIAD\",\"isPartOf\":{\"@id\":\"https:\/\/drelaliziad.com\/#website\"},\"datePublished\":\"2022-08-02T06:50:50+00:00\",\"dateModified\":\"2025-01-01T11:18:08+00:00\",\"inLanguage\":\"en-GB\",\"potentialAction\":[{\"@type\":\"ReadAction\",\"target\":[\"https:\/\/drelaliziad.com\/a-propos\/\"]}]},{\"@type\":\"WebSite\",\"@id\":\"https:\/\/drelaliziad.com\/#website\",\"url\":\"https:\/\/drelaliziad.com\/\",\"name\":\"DR EL ALI ZIAD\",\"description\":\"T\u00e9l\u00e9-oncologie\",\"publisher\":{\"@id\":\"https:\/\/drelaliziad.com\/#organization\"},\"potentialAction\":[{\"@type\":\"SearchAction\",\"target\":{\"@type\":\"EntryPoint\",\"urlTemplate\":\"https:\/\/drelaliziad.com\/?s={search_term_string}\"},\"query-input\":\"required name=search_term_string\"}],\"inLanguage\":\"en-GB\"},{\"@type\":\"Organization\",\"@id\":\"https:\/\/drelaliziad.com\/#organization\",\"name\":\"DR EL ALI ZIAD\",\"url\":\"https:\/\/drelaliziad.com\/\",\"logo\":{\"@type\":\"ImageObject\",\"inLanguage\":\"en-GB\",\"@id\":\"https:\/\/drelaliziad.com\/#\/schema\/logo\/image\/\",\"url\":\"https:\/\/drelaliziad.com\/wp-content\/uploads\/2023\/01\/cropped-Logo_Dr_ziad-removebg-preview.png\",\"contentUrl\":\"https:\/\/drelaliziad.com\/wp-content\/uploads\/2023\/01\/cropped-Logo_Dr_ziad-removebg-preview.png\",\"width\":384,\"height\":87,\"caption\":\"DR EL ALI ZIAD\"},\"image\":{\"@id\":\"https:\/\/drelaliziad.com\/#\/schema\/logo\/image\/\"}}]}<\/script>\n<!-- \/ Yoast SEO plugin. -->","yoast_head_json":{"title":"Biographie - DR EL ALI ZIAD","robots":{"index":"index","follow":"follow","max-snippet":"max-snippet:-1","max-image-preview":"max-image-preview:large","max-video-preview":"max-video-preview:-1"},"canonical":"https:\/\/drelaliziad.com\/en\/a-propos\/","og_locale":"en_GB","og_type":"article","og_title":"Biographie - DR EL ALI ZIAD","og_description":"Biographie : Dr El Ali Ziad, n\u00e9 en 1973, poss\u00e9dant double nationalit\u00e9 belge et libanaise. &#8211; Oncologue m\u00e9dicale g\u00e9n\u00e9rale, dipl\u00f4me avec la grande distinction de l\u2019Universit\u00e9 Libre de Bruxelles. &#8211; Form\u00e9 \u00e0 Bruxelles \u00e0 l\u2019Institut Jules Bordet, centre de r\u00e9f\u00e9rence dans l\u2019oncologie, par des professeurs experts et de r\u00e9putation internationale. &#8211; Titulaire d\u2019un dipl\u00f4me de [&hellip;]","og_url":"https:\/\/drelaliziad.com\/en\/a-propos\/","og_site_name":"DR EL ALI ZIAD","article_modified_time":"2025-01-01T11:18:08+00:00","og_image":[{"url":"https:\/\/drelaliziad.com\/wp-content\/uploads\/2022\/05\/Photo-Dr-EL-Ali-1024x977.jpg"}],"twitter_card":"summary_large_image","twitter_misc":{"Estimated reading time":"2 minutes"},"schema":{"@context":"https:\/\/schema.org","@graph":[{"@type":"WebPage","@id":"https:\/\/drelaliziad.com\/a-propos\/","url":"https:\/\/drelaliziad.com\/a-propos\/","name":"Biographie - DR EL ALI ZIAD","isPartOf":{"@id":"https:\/\/drelaliziad.com\/#website"},"datePublished":"2022-08-02T06:50:50+00:00","dateModified":"2025-01-01T11:18:08+00:00","inLanguage":"en-GB","potentialAction":[{"@type":"ReadAction","target":["https:\/\/drelaliziad.com\/a-propos\/"]}]},{"@type":"WebSite","@id":"https:\/\/drelaliziad.com\/#website","url":"https:\/\/drelaliziad.com\/","name":"DR EL ALI ZIAD","description":"T\u00e9l\u00e9-oncologie","publisher":{"@id":"https:\/\/drelaliziad.com\/#organization"},"potentialAction":[{"@type":"SearchAction","target":{"@type":"EntryPoint","urlTemplate":"https:\/\/drelaliziad.com\/?s={search_term_string}"},"query-input":"required name=search_term_string"}],"inLanguage":"en-GB"},{"@type":"Organization","@id":"https:\/\/drelaliziad.com\/#organization","name":"DR EL ALI ZIAD","url":"https:\/\/drelaliziad.com\/","logo":{"@type":"ImageObject","inLanguage":"en-GB","@id":"https:\/\/drelaliziad.com\/#\/schema\/logo\/image\/","url":"https:\/\/drelaliziad.com\/wp-content\/uploads\/2023\/01\/cropped-Logo_Dr_ziad-removebg-preview.png","contentUrl":"https:\/\/drelaliziad.com\/wp-content\/uploads\/2023\/01\/cropped-Logo_Dr_ziad-removebg-preview.png","width":384,"height":87,"caption":"DR EL ALI ZIAD"},"image":{"@id":"https:\/\/drelaliziad.com\/#\/schema\/logo\/image\/"}}]}},"_links":{"self":[{"href":"https:\/\/drelaliziad.com\/en\/wp-json\/wp\/v2\/pages\/10052","targetHints":{"allow":["GET"]}}],"collection":[{"href":"https:\/\/drelaliziad.com\/en\/wp-json\/wp\/v2\/pages"}],"about":[{"href":"https:\/\/drelaliziad.com\/en\/wp-json\/wp\/v2\/types\/page"}],"author":[{"embeddable":true,"href":"https:\/\/drelaliziad.com\/en\/wp-json\/wp\/v2\/users\/1"}],"replies":[{"embeddable":true,"href":"https:\/\/drelaliziad.com\/en\/wp-json\/wp\/v2\/comments?post=10052"}],"version-history":[{"count":72,"href":"https:\/\/drelaliziad.com\/en\/wp-json\/wp\/v2\/pages\/10052\/revisions"}],"predecessor-version":[{"id":13467,"href":"https:\/\/drelaliziad.com\/en\/wp-json\/wp\/v2\/pages\/10052\/revisions\/13467"}],"wp:attachment":[{"href":"https:\/\/drelaliziad.com\/en\/wp-json\/wp\/v2\/media?parent=10052"}],"curies":[{"name":"wp","href":"https:\/\/api.w.org\/{rel}","templated":true}]}}